{"id":6070,"date":"2024-08-26T07:21:55","date_gmt":"2024-08-26T07:21:55","guid":{"rendered":"https:\/\/www.northsidecommunityresources.org\/empleo\/"},"modified":"2026-02-17T18:23:41","modified_gmt":"2026-02-17T18:23:41","slug":"empleo","status":"publish","type":"page","link":"https:\/\/www.northsidecommunityresources.org\/es\/empleo\/","title":{"rendered":"Empleo"},"content":{"rendered":"\t\t<div data-elementor-type=\"wp-page\" data-elementor-id=\"6070\" class=\"elementor elementor-6070 elementor-3509\" data-elementor-post-type=\"page\">\n\t\t\t\t<section class=\"elementor-element elementor-element-633cb18f e-con-full e-flex e-con e-parent\" data-id=\"633cb18f\" data-element_type=\"container\">\n\t\t<div class=\"elementor-element elementor-element-40d4da41 inner-banner-top e-flex e-con-boxed elementor-invisible e-con e-child\" data-id=\"40d4da41\" data-element_type=\"container\" data-settings=\"{&quot;background_background&quot;:&quot;classic&quot;,&quot;background_motion_fx_motion_fx_scrolling&quot;:&quot;yes&quot;,&quot;background_motion_fx_translateY_effect&quot;:&quot;yes&quot;,&quot;background_motion_fx_translateY_direction&quot;:&quot;negative&quot;,&quot;background_motion_fx_translateY_speed&quot;:{&quot;unit&quot;:&quot;px&quot;,&quot;size&quot;:8,&quot;sizes&quot;:[]},&quot;animation&quot;:&quot;fadeInUp&quot;,&quot;background_motion_fx_translateY_affectedRange&quot;:{&quot;unit&quot;:&quot;%&quot;,&quot;size&quot;:&quot;&quot;,&quot;sizes&quot;:{&quot;start&quot;:0,&quot;end&quot;:100}},&quot;background_motion_fx_devices&quot;:[&quot;widescreen&quot;,&quot;desktop&quot;,&quot;laptop&quot;,&quot;tablet_extra&quot;,&quot;tablet&quot;,&quot;mobile&quot;]}\">\n\t\t\t\t\t<div class=\"e-con-inner\">\n\t\t\t\t<div class=\"elementor-element elementor-element-79c6754f elementor-invisible elementor-widget elementor-widget-heading\" data-id=\"79c6754f\" data-element_type=\"widget\" data-settings=\"{&quot;_animation&quot;:&quot;fadeInUp&quot;}\" data-widget_type=\"heading.default\">\n\t\t\t\t<div class=\"elementor-widget-container\">\n\t\t\t<h1 class=\"elementor-heading-title elementor-size-default\">\u00danete a nuestro equipo<\/h1>\t\t<\/div>\n\t\t\t\t<\/div>\n\t\t\t\t<div class=\"elementor-element elementor-element-3c2fb524 elementor-widget__width-inherit elementor-absolute abs-el elementor-hidden-widescreen elementor-hidden-desktop elementor-hidden-laptop elementor-hidden-tablet_extra elementor-hidden-tablet elementor-hidden-mobile elementor-widget elementor-widget-image\" data-id=\"3c2fb524\" data-element_type=\"widget\" data-settings=\"{&quot;_position&quot;:&quot;absolute&quot;}\" data-widget_type=\"image.default\">\n\t\t\t\t<div class=\"elementor-widget-container\">\n\t\t\t\t\t\t\t\t\t\t\t\t\t<img fetchpriority=\"high\" decoding=\"async\" width=\"2560\" height=\"1707\" src=\"https:\/\/www.northsidecommunityresources.org\/wp-content\/uploads\/2024\/08\/career-banner-bg-scaled.jpg\" class=\"attachment-full size-full wp-image-5627\" alt=\"\" srcset=\"https:\/\/www.northsidecommunityresources.org\/wp-content\/uploads\/2024\/08\/career-banner-bg-scaled.jpg 2560w, https:\/\/www.northsidecommunityresources.org\/wp-content\/uploads\/2024\/08\/career-banner-bg-300x200.jpg 300w, https:\/\/www.northsidecommunityresources.org\/wp-content\/uploads\/2024\/08\/career-banner-bg-1024x683.jpg 1024w, https:\/\/www.northsidecommunityresources.org\/wp-content\/uploads\/2024\/08\/career-banner-bg-768x512.jpg 768w, https:\/\/www.northsidecommunityresources.org\/wp-content\/uploads\/2024\/08\/career-banner-bg-1536x1024.jpg 1536w, https:\/\/www.northsidecommunityresources.org\/wp-content\/uploads\/2024\/08\/career-banner-bg-2048x1366.jpg 2048w\" sizes=\"(max-width: 2560px) 100vw, 2560px\" \/>\t\t\t\t\t\t\t\t\t\t\t\t\t<\/div>\n\t\t\t\t<\/div>\n\t\t\t\t\t<\/div>\n\t\t\t\t<\/div>\n\t\t<div class=\"elementor-element elementor-element-397a5cb e-flex e-con-boxed e-con e-child\" data-id=\"397a5cb\" data-element_type=\"container\" data-settings=\"{&quot;background_background&quot;:&quot;classic&quot;}\">\n\t\t\t\t\t<div class=\"e-con-inner\">\n\t\t\t\t<div class=\"elementor-element elementor-element-320d4bb9 elementor-invisible elementor-widget elementor-widget-text-editor\" data-id=\"320d4bb9\" data-element_type=\"widget\" data-settings=\"{&quot;_animation&quot;:&quot;fadeInUp&quot;}\" data-widget_type=\"text-editor.default\">\n\t\t\t\t<div class=\"elementor-widget-container\">\n\t\t\t\t\t\t\t<p>Sabemos que los individuos dedicados y apasionados son el coraz\u00f3n de nuestro \u00e9xito. Nos comprometemos a fomentar un entorno de trabajo colaborativo y solidario en el que todos los miembros del equipo puedan prosperar y tener un impacto significativo. Si te mueve el deseo de empoderar a las comunidades y enriquecer las vidas, explora nuestras vacantes actuales y descubre c\u00f3mo puedes contribuir a nuestra misi\u00f3n.  <\/p>\n\t\t\t\t\t\t<\/div>\n\t\t\t\t<\/div>\n\t\t\t\t\t<\/div>\n\t\t\t\t<\/div>\n\t\t\t\t<\/section>\n\t\t<div class=\"elementor-element elementor-element-faf9c0a e-flex e-con-boxed e-con e-parent\" data-id=\"faf9c0a\" data-element_type=\"container\">\n\t\t\t\t\t<div class=\"e-con-inner\">\n\t\t<div class=\"elementor-element elementor-element-588296f e-con-full e-flex e-con e-child\" data-id=\"588296f\" data-element_type=\"container\">\n\t\t<div class=\"elementor-element elementor-element-642e6e1 e-con-full e-flex e-con e-child\" data-id=\"642e6e1\" data-element_type=\"container\">\n\t\t\t\t<div class=\"elementor-element elementor-element-2f197e1 elementor-invisible elementor-widget elementor-widget-heading\" data-id=\"2f197e1\" data-element_type=\"widget\" data-settings=\"{&quot;_animation&quot;:&quot;fadeInUp&quot;}\" data-widget_type=\"heading.default\">\n\t\t\t\t<div class=\"elementor-widget-container\">\n\t\t\t<h3 class=\"elementor-heading-title elementor-size-default\">Coordinador de Pruebas y Difusi\u00f3n de la Vivienda Justa<\/h3>\t\t<\/div>\n\t\t\t\t<\/div>\n\t\t\t\t<\/div>\n\t\t<div class=\"elementor-element elementor-element-53539c8 e-con-full e-flex e-con e-child\" data-id=\"53539c8\" data-element_type=\"container\">\n\t\t\t\t<div class=\"elementor-element elementor-element-fd091ed elementor-invisible elementor-widget elementor-widget-button\" data-id=\"fd091ed\" data-element_type=\"widget\" data-settings=\"{&quot;_animation&quot;:&quot;fadeInUp&quot;}\" data-widget_type=\"button.default\">\n\t\t\t\t<div class=\"elementor-widget-container\">\n\t\t\t\t\t<div class=\"elementor-button-wrapper\">\n\t\t\t<a class=\"elementor-button elementor-button-link elementor-size-sm\" href=\"https:\/\/www.northsidecommunityresources.org\/wp-content\/uploads\/2026\/02\/FH-TESTING-OUTREACH-COORDINATOR.pdf\" target=\"_blank\" rel=\"nofollow\">\n\t\t\t\t\t\t<span class=\"elementor-button-content-wrapper\">\n\t\t\t\t\t\t\t\t\t<span class=\"elementor-button-text\">Saber m\u00e1s<\/span>\n\t\t\t\t\t<\/span>\n\t\t\t\t\t<\/a>\n\t\t<\/div>\n\t\t\t\t<\/div>\n\t\t\t\t<\/div>\n\t\t\t\t<div class=\"elementor-element elementor-element-9992827 elementor-invisible elementor-widget elementor-widget-button\" data-id=\"9992827\" data-element_type=\"widget\" data-settings=\"{&quot;_animation&quot;:&quot;fadeInUp&quot;}\" data-widget_type=\"button.default\">\n\t\t\t\t<div class=\"elementor-widget-container\">\n\t\t\t\t\t<div class=\"elementor-button-wrapper\">\n\t\t\t<a class=\"elementor-button elementor-button-link elementor-size-sm\" href=\"mailto:chris@northsidecr.org%20%20\">\n\t\t\t\t\t\t<span class=\"elementor-button-content-wrapper\">\n\t\t\t\t\t\t\t\t\t<span class=\"elementor-button-text\">Haz clic aqu\u00ed para inscribirte<\/span>\n\t\t\t\t\t<\/span>\n\t\t\t\t\t<\/a>\n\t\t<\/div>\n\t\t\t\t<\/div>\n\t\t\t\t<\/div>\n\t\t\t\t<\/div>\n\t\t\t\t<\/div>\n\t\t\t\t\t<\/div>\n\t\t\t\t<\/div>\n\t\t\t\t<\/div>\n\t\t","protected":false},"excerpt":{"rendered":"<p>\u00danete a nuestro equipo Sabemos que los individuos dedicados y apasionados son el coraz\u00f3n de nuestro \u00e9xito. Nos comprometemos a fomentar un entorno de trabajo colaborativo y solidario en el que todos los miembros del equipo puedan prosperar y tener un impacto significativo. Si te mueve el deseo de empoderar a las comunidades y enriquecer [&hellip;]<\/p>\n","protected":false},"author":1,"featured_media":5627,"parent":0,"menu_order":0,"comment_status":"closed","ping_status":"closed","template":"elementor_header_footer","meta":{"_acf_changed":false,"inline_featured_image":false,"footnotes":""},"class_list":["post-6070","page","type-page","status-publish","has-post-thumbnail","hentry"],"acf":[],"yoast_head":"<!-- This site is optimized with the Yoast SEO plugin v23.6 - https:\/\/yoast.com\/wordpress\/plugins\/seo\/ -->\n<title>Carreras profesionales | Recursos comunitarios de Northside<\/title>\n<meta name=\"description\" content=\"\u00danete al equipo de Northside Community Resources y ayuda a marcar la diferencia en la comunidad. Explora nuestras oportunidades profesionales y presenta tu candidatura hoy mismo.\" \/>\n<meta name=\"robots\" content=\"index, follow, max-snippet:-1, max-image-preview:large, max-video-preview:-1\" \/>\n<link rel=\"canonical\" href=\"https:\/\/www.northsidecommunityresources.org\/es\/empleo\/\" \/>\n<meta property=\"og:locale\" content=\"es_ES\" \/>\n<meta property=\"og:type\" content=\"article\" \/>\n<meta property=\"og:title\" content=\"Carreras profesionales | Recursos comunitarios de Northside\" \/>\n<meta property=\"og:description\" content=\"\u00danete al equipo de Northside Community Resources y ayuda a marcar la diferencia en la comunidad. Explora nuestras oportunidades profesionales y presenta tu candidatura hoy mismo.\" \/>\n<meta property=\"og:url\" content=\"https:\/\/www.northsidecommunityresources.org\/es\/empleo\/\" \/>\n<meta property=\"og:site_name\" content=\"Northside Community Resources\" \/>\n<meta property=\"article:publisher\" content=\"https:\/\/www.facebook.com\/NorthsideCommunityResources\" \/>\n<meta property=\"article:modified_time\" content=\"2026-02-17T18:23:41+00:00\" \/>\n<meta property=\"og:image\" content=\"https:\/\/www.northsidecommunityresources.org\/wp-content\/uploads\/2024\/08\/career-banner-bg-scaled.jpg\" \/>\n\t<meta property=\"og:image:width\" content=\"2560\" \/>\n\t<meta property=\"og:image:height\" content=\"1707\" \/>\n\t<meta property=\"og:image:type\" content=\"image\/jpeg\" \/>\n<meta name=\"twitter:card\" content=\"summary_large_image\" \/>\n<script type=\"application\/ld+json\" class=\"yoast-schema-graph\">{\"@context\":\"https:\/\/schema.org\",\"@graph\":[{\"@type\":\"WebPage\",\"@id\":\"https:\/\/www.northsidecommunityresources.org\/es\/empleo\/\",\"url\":\"https:\/\/www.northsidecommunityresources.org\/es\/empleo\/\",\"name\":\"Carreras profesionales | Recursos comunitarios de Northside\",\"isPartOf\":{\"@id\":\"https:\/\/www.northsidecommunityresources.org\/#website\"},\"primaryImageOfPage\":{\"@id\":\"https:\/\/www.northsidecommunityresources.org\/es\/empleo\/#primaryimage\"},\"image\":{\"@id\":\"https:\/\/www.northsidecommunityresources.org\/es\/empleo\/#primaryimage\"},\"thumbnailUrl\":\"https:\/\/www.northsidecommunityresources.org\/wp-content\/uploads\/2024\/08\/career-banner-bg-scaled.jpg\",\"datePublished\":\"2024-08-26T07:21:55+00:00\",\"dateModified\":\"2026-02-17T18:23:41+00:00\",\"description\":\"\u00danete al equipo de Northside Community Resources y ayuda a marcar la diferencia en la comunidad. Explora nuestras oportunidades profesionales y presenta tu candidatura hoy mismo.\",\"breadcrumb\":{\"@id\":\"https:\/\/www.northsidecommunityresources.org\/es\/empleo\/#breadcrumb\"},\"inLanguage\":\"es\",\"potentialAction\":[{\"@type\":\"ReadAction\",\"target\":[\"https:\/\/www.northsidecommunityresources.org\/es\/empleo\/\"]}]},{\"@type\":\"ImageObject\",\"inLanguage\":\"es\",\"@id\":\"https:\/\/www.northsidecommunityresources.org\/es\/empleo\/#primaryimage\",\"url\":\"https:\/\/www.northsidecommunityresources.org\/wp-content\/uploads\/2024\/08\/career-banner-bg-scaled.jpg\",\"contentUrl\":\"https:\/\/www.northsidecommunityresources.org\/wp-content\/uploads\/2024\/08\/career-banner-bg-scaled.jpg\",\"width\":2560,\"height\":1707},{\"@type\":\"BreadcrumbList\",\"@id\":\"https:\/\/www.northsidecommunityresources.org\/es\/empleo\/#breadcrumb\",\"itemListElement\":[{\"@type\":\"ListItem\",\"position\":1,\"name\":\"Home\",\"item\":\"https:\/\/www.northsidecommunityresources.org\/\"},{\"@type\":\"ListItem\",\"position\":2,\"name\":\"Empleo\"}]},{\"@type\":\"WebSite\",\"@id\":\"https:\/\/www.northsidecommunityresources.org\/#website\",\"url\":\"https:\/\/www.northsidecommunityresources.org\/\",\"name\":\"Northside Community Resources\",\"description\":\"Save the date for the 13th Annual Northside Housing Fair on Saturday June 14th at Harry S. Truman College from 9:30 am to 2:00 pm! More information coming soon!\",\"publisher\":{\"@id\":\"https:\/\/www.northsidecommunityresources.org\/#organization\"},\"potentialAction\":[{\"@type\":\"SearchAction\",\"target\":{\"@type\":\"EntryPoint\",\"urlTemplate\":\"https:\/\/www.northsidecommunityresources.org\/?s={search_term_string}\"},\"query-input\":{\"@type\":\"PropertyValueSpecification\",\"valueRequired\":true,\"valueName\":\"search_term_string\"}}],\"inLanguage\":\"es\"},{\"@type\":\"Organization\",\"@id\":\"https:\/\/www.northsidecommunityresources.org\/#organization\",\"name\":\"Northside Community Resources\",\"url\":\"https:\/\/www.northsidecommunityresources.org\/\",\"logo\":{\"@type\":\"ImageObject\",\"inLanguage\":\"es\",\"@id\":\"https:\/\/www.northsidecommunityresources.org\/#\/schema\/logo\/image\/\",\"url\":\"https:\/\/www.northsidecommunityresources.org\/wp-content\/uploads\/2024\/08\/site-logo.png\",\"contentUrl\":\"https:\/\/www.northsidecommunityresources.org\/wp-content\/uploads\/2024\/08\/site-logo.png\",\"width\":137,\"height\":46,\"caption\":\"Northside Community Resources\"},\"image\":{\"@id\":\"https:\/\/www.northsidecommunityresources.org\/#\/schema\/logo\/image\/\"},\"sameAs\":[\"https:\/\/www.facebook.com\/NorthsideCommunityResources\"]}]}<\/script>\n<!-- \/ Yoast SEO plugin. -->","yoast_head_json":{"title":"Carreras profesionales | Recursos comunitarios de Northside","description":"\u00danete al equipo de Northside Community Resources y ayuda a marcar la diferencia en la comunidad. Explora nuestras oportunidades profesionales y presenta tu candidatura hoy mismo.","robots":{"index":"index","follow":"follow","max-snippet":"max-snippet:-1","max-image-preview":"max-image-preview:large","max-video-preview":"max-video-preview:-1"},"canonical":"https:\/\/www.northsidecommunityresources.org\/es\/empleo\/","og_locale":"es_ES","og_type":"article","og_title":"Carreras profesionales | Recursos comunitarios de Northside","og_description":"\u00danete al equipo de Northside Community Resources y ayuda a marcar la diferencia en la comunidad. Explora nuestras oportunidades profesionales y presenta tu candidatura hoy mismo.","og_url":"https:\/\/www.northsidecommunityresources.org\/es\/empleo\/","og_site_name":"Northside Community Resources","article_publisher":"https:\/\/www.facebook.com\/NorthsideCommunityResources","article_modified_time":"2026-02-17T18:23:41+00:00","og_image":[{"width":2560,"height":1707,"url":"https:\/\/www.northsidecommunityresources.org\/wp-content\/uploads\/2024\/08\/career-banner-bg-scaled.jpg","type":"image\/jpeg"}],"twitter_card":"summary_large_image","schema":{"@context":"https:\/\/schema.org","@graph":[{"@type":"WebPage","@id":"https:\/\/www.northsidecommunityresources.org\/es\/empleo\/","url":"https:\/\/www.northsidecommunityresources.org\/es\/empleo\/","name":"Carreras profesionales | Recursos comunitarios de Northside","isPartOf":{"@id":"https:\/\/www.northsidecommunityresources.org\/#website"},"primaryImageOfPage":{"@id":"https:\/\/www.northsidecommunityresources.org\/es\/empleo\/#primaryimage"},"image":{"@id":"https:\/\/www.northsidecommunityresources.org\/es\/empleo\/#primaryimage"},"thumbnailUrl":"https:\/\/www.northsidecommunityresources.org\/wp-content\/uploads\/2024\/08\/career-banner-bg-scaled.jpg","datePublished":"2024-08-26T07:21:55+00:00","dateModified":"2026-02-17T18:23:41+00:00","description":"\u00danete al equipo de Northside Community Resources y ayuda a marcar la diferencia en la comunidad. Explora nuestras oportunidades profesionales y presenta tu candidatura hoy mismo.","breadcrumb":{"@id":"https:\/\/www.northsidecommunityresources.org\/es\/empleo\/#breadcrumb"},"inLanguage":"es","potentialAction":[{"@type":"ReadAction","target":["https:\/\/www.northsidecommunityresources.org\/es\/empleo\/"]}]},{"@type":"ImageObject","inLanguage":"es","@id":"https:\/\/www.northsidecommunityresources.org\/es\/empleo\/#primaryimage","url":"https:\/\/www.northsidecommunityresources.org\/wp-content\/uploads\/2024\/08\/career-banner-bg-scaled.jpg","contentUrl":"https:\/\/www.northsidecommunityresources.org\/wp-content\/uploads\/2024\/08\/career-banner-bg-scaled.jpg","width":2560,"height":1707},{"@type":"BreadcrumbList","@id":"https:\/\/www.northsidecommunityresources.org\/es\/empleo\/#breadcrumb","itemListElement":[{"@type":"ListItem","position":1,"name":"Home","item":"https:\/\/www.northsidecommunityresources.org\/"},{"@type":"ListItem","position":2,"name":"Empleo"}]},{"@type":"WebSite","@id":"https:\/\/www.northsidecommunityresources.org\/#website","url":"https:\/\/www.northsidecommunityresources.org\/","name":"Northside Community Resources","description":"Save the date for the 13th Annual Northside Housing Fair on Saturday June 14th at Harry S. Truman College from 9:30 am to 2:00 pm! More information coming soon!","publisher":{"@id":"https:\/\/www.northsidecommunityresources.org\/#organization"},"potentialAction":[{"@type":"SearchAction","target":{"@type":"EntryPoint","urlTemplate":"https:\/\/www.northsidecommunityresources.org\/?s={search_term_string}"},"query-input":{"@type":"PropertyValueSpecification","valueRequired":true,"valueName":"search_term_string"}}],"inLanguage":"es"},{"@type":"Organization","@id":"https:\/\/www.northsidecommunityresources.org\/#organization","name":"Northside Community Resources","url":"https:\/\/www.northsidecommunityresources.org\/","logo":{"@type":"ImageObject","inLanguage":"es","@id":"https:\/\/www.northsidecommunityresources.org\/#\/schema\/logo\/image\/","url":"https:\/\/www.northsidecommunityresources.org\/wp-content\/uploads\/2024\/08\/site-logo.png","contentUrl":"https:\/\/www.northsidecommunityresources.org\/wp-content\/uploads\/2024\/08\/site-logo.png","width":137,"height":46,"caption":"Northside Community Resources"},"image":{"@id":"https:\/\/www.northsidecommunityresources.org\/#\/schema\/logo\/image\/"},"sameAs":["https:\/\/www.facebook.com\/NorthsideCommunityResources"]}]}},"_links":{"self":[{"href":"https:\/\/www.northsidecommunityresources.org\/es\/wp-json\/wp\/v2\/pages\/6070","targetHints":{"allow":["GET"]}}],"collection":[{"href":"https:\/\/www.northsidecommunityresources.org\/es\/wp-json\/wp\/v2\/pages"}],"about":[{"href":"https:\/\/www.northsidecommunityresources.org\/es\/wp-json\/wp\/v2\/types\/page"}],"author":[{"embeddable":true,"href":"https:\/\/www.northsidecommunityresources.org\/es\/wp-json\/wp\/v2\/users\/1"}],"replies":[{"embeddable":true,"href":"https:\/\/www.northsidecommunityresources.org\/es\/wp-json\/wp\/v2\/comments?post=6070"}],"version-history":[{"count":8,"href":"https:\/\/www.northsidecommunityresources.org\/es\/wp-json\/wp\/v2\/pages\/6070\/revisions"}],"predecessor-version":[{"id":8423,"href":"https:\/\/www.northsidecommunityresources.org\/es\/wp-json\/wp\/v2\/pages\/6070\/revisions\/8423"}],"wp:featuredmedia":[{"embeddable":true,"href":"https:\/\/www.northsidecommunityresources.org\/es\/wp-json\/wp\/v2\/media\/5627"}],"wp:attachment":[{"href":"https:\/\/www.northsidecommunityresources.org\/es\/wp-json\/wp\/v2\/media?parent=6070"}],"curies":[{"name":"wp","href":"https:\/\/api.w.org\/{rel}","templated":true}]}}