{"id":6125,"date":"2024-08-20T04:58:35","date_gmt":"2024-08-20T04:58:35","guid":{"rendered":"https:\/\/www.northsidecommunityresources.org\/pagina-de-muestra\/"},"modified":"2024-10-09T06:45:13","modified_gmt":"2024-10-09T06:45:13","slug":"pagina-de-muestra","status":"publish","type":"page","link":"https:\/\/www.northsidecommunityresources.org\/es\/pagina-de-muestra\/","title":{"rendered":"P\u00e1gina de muestra"},"content":{"rendered":"\n<p>Esta es una p\u00e1gina de ejemplo. Es diferente de una entrada de blog porque permanecer\u00e1 en un lugar y aparecer\u00e1 en la navegaci\u00f3n de tu sitio (en la mayor\u00eda de los temas). La mayor\u00eda de la gente empieza con una p\u00e1gina Acerca de que les presenta a los visitantes potenciales del sitio. Podr\u00eda decir algo como esto   <\/p>\n\n<blockquote class=\"wp-block-quote is-layout-flow wp-block-quote-is-layout-flow\"><p>\u00a1Hola! Soy mensajero en bicicleta de d\u00eda, aspirante a actor de noche, y \u00e9ste es mi sitio web. Vivo en Los \u00c1ngeles, tengo un perro estupendo llamado Jack y me gustan las pi\u00f1as coladas. (Y que me pille la lluvia).   <\/p><\/blockquote>\n\n<p>&#8230;o algo as\u00ed:<\/p>\n\n<blockquote class=\"wp-block-quote is-layout-flow wp-block-quote-is-layout-flow\"><p>La empresa XYZ Doohickey Company se fund\u00f3 en 1971, y desde entonces suministra doohickeys de calidad al p\u00fablico. Situada en Gotham City, XYZ emplea a m\u00e1s de 2.000 personas y hace todo tipo de cosas incre\u00edbles para la comunidad de Gotham. <\/p><\/blockquote>\n\n<p>Como nuevo usuario de WordPress, debes ir a <a href=\"https:\/\/www.northsidecommunityresources.org\/wp-admin\/\">tu panel de control<\/a> para eliminar esta p\u00e1gina y crear nuevas p\u00e1ginas para tu contenido. \u00a1Divi\u00e9rtete! <\/p>\n","protected":false},"excerpt":{"rendered":"<p>Esta es una p\u00e1gina de ejemplo. Es diferente de una entrada de blog porque permanecer\u00e1 en un lugar y aparecer\u00e1 en la navegaci\u00f3n de tu sitio (en la mayor\u00eda de los temas). La mayor\u00eda de la gente empieza con una p\u00e1gina Acerca de que les presenta a los visitantes potenciales del sitio. Podr\u00eda decir algo [&hellip;]<\/p>\n","protected":false},"author":1,"featured_media":0,"parent":0,"menu_order":0,"comment_status":"closed","ping_status":"open","template":"","meta":{"_acf_changed":false,"inline_featured_image":false,"footnotes":""},"class_list":["post-6125","page","type-page","status-publish","hentry"],"acf":[],"yoast_head":"<!-- This site is optimized with the Yoast SEO plugin v23.6 - https:\/\/yoast.com\/wordpress\/plugins\/seo\/ -->\n<title>P\u00e1gina de muestra - Northside Community Resources<\/title>\n<meta name=\"robots\" content=\"index, follow, max-snippet:-1, max-image-preview:large, max-video-preview:-1\" \/>\n<link rel=\"canonical\" href=\"https:\/\/www.northsidecommunityresources.org\/sample-page\/\" \/>\n<meta property=\"og:locale\" content=\"es_ES\" \/>\n<meta property=\"og:type\" content=\"article\" \/>\n<meta property=\"og:title\" content=\"P\u00e1gina de muestra - Northside Community Resources\" \/>\n<meta property=\"og:description\" content=\"Esta es una p\u00e1gina de ejemplo. Es diferente de una entrada de blog porque permanecer\u00e1 en un lugar y aparecer\u00e1 en la navegaci\u00f3n de tu sitio (en la mayor\u00eda de los temas). La mayor\u00eda de la gente empieza con una p\u00e1gina Acerca de que les presenta a los visitantes potenciales del sitio. Podr\u00eda decir algo [&hellip;]\" \/>\n<meta property=\"og:url\" content=\"https:\/\/www.northsidecommunityresources.org\/sample-page\/\" \/>\n<meta property=\"og:site_name\" content=\"Northside Community Resources\" \/>\n<meta property=\"article:publisher\" content=\"https:\/\/www.facebook.com\/NorthsideCommunityResources\" \/>\n<meta property=\"article:modified_time\" content=\"2024-10-09T06:45:13+00:00\" \/>\n<meta name=\"twitter:card\" content=\"summary_large_image\" \/>\n<meta name=\"twitter:label1\" content=\"Tiempo de lectura\" \/>\n\t<meta name=\"twitter:data1\" content=\"1 minuto\" \/>\n<script type=\"application\/ld+json\" class=\"yoast-schema-graph\">{\"@context\":\"https:\/\/schema.org\",\"@graph\":[{\"@type\":\"WebPage\",\"@id\":\"https:\/\/www.northsidecommunityresources.org\/sample-page\/\",\"url\":\"https:\/\/www.northsidecommunityresources.org\/sample-page\/\",\"name\":\"P\u00e1gina de muestra - Northside Community Resources\",\"isPartOf\":{\"@id\":\"https:\/\/www.northsidecommunityresources.org\/#website\"},\"datePublished\":\"2024-08-20T04:58:35+00:00\",\"dateModified\":\"2024-10-09T06:45:13+00:00\",\"breadcrumb\":{\"@id\":\"https:\/\/www.northsidecommunityresources.org\/sample-page\/#breadcrumb\"},\"inLanguage\":\"es\",\"potentialAction\":[{\"@type\":\"ReadAction\",\"target\":[\"https:\/\/www.northsidecommunityresources.org\/sample-page\/\"]}]},{\"@type\":\"BreadcrumbList\",\"@id\":\"https:\/\/www.northsidecommunityresources.org\/sample-page\/#breadcrumb\",\"itemListElement\":[{\"@type\":\"ListItem\",\"position\":1,\"name\":\"Home\",\"item\":\"https:\/\/www.northsidecommunityresources.org\/\"},{\"@type\":\"ListItem\",\"position\":2,\"name\":\"P\u00e1gina de muestra\"}]},{\"@type\":\"WebSite\",\"@id\":\"https:\/\/www.northsidecommunityresources.org\/#website\",\"url\":\"https:\/\/www.northsidecommunityresources.org\/\",\"name\":\"Northside Community Resources\",\"description\":\"Save the date for the 13th Annual Northside Housing Fair on Saturday June 14th at Harry S. Truman College from 9:30 am to 2:00 pm! More information coming soon!\",\"publisher\":{\"@id\":\"https:\/\/www.northsidecommunityresources.org\/#organization\"},\"potentialAction\":[{\"@type\":\"SearchAction\",\"target\":{\"@type\":\"EntryPoint\",\"urlTemplate\":\"https:\/\/www.northsidecommunityresources.org\/?s={search_term_string}\"},\"query-input\":{\"@type\":\"PropertyValueSpecification\",\"valueRequired\":true,\"valueName\":\"search_term_string\"}}],\"inLanguage\":\"es\"},{\"@type\":\"Organization\",\"@id\":\"https:\/\/www.northsidecommunityresources.org\/#organization\",\"name\":\"Northside Community Resources\",\"url\":\"https:\/\/www.northsidecommunityresources.org\/\",\"logo\":{\"@type\":\"ImageObject\",\"inLanguage\":\"es\",\"@id\":\"https:\/\/www.northsidecommunityresources.org\/#\/schema\/logo\/image\/\",\"url\":\"https:\/\/www.northsidecommunityresources.org\/wp-content\/uploads\/2024\/08\/site-logo.png\",\"contentUrl\":\"https:\/\/www.northsidecommunityresources.org\/wp-content\/uploads\/2024\/08\/site-logo.png\",\"width\":137,\"height\":46,\"caption\":\"Northside Community Resources\"},\"image\":{\"@id\":\"https:\/\/www.northsidecommunityresources.org\/#\/schema\/logo\/image\/\"},\"sameAs\":[\"https:\/\/www.facebook.com\/NorthsideCommunityResources\"]}]}<\/script>\n<!-- \/ Yoast SEO plugin. -->","yoast_head_json":{"title":"P\u00e1gina de muestra - Northside Community Resources","robots":{"index":"index","follow":"follow","max-snippet":"max-snippet:-1","max-image-preview":"max-image-preview:large","max-video-preview":"max-video-preview:-1"},"canonical":"https:\/\/www.northsidecommunityresources.org\/sample-page\/","og_locale":"es_ES","og_type":"article","og_title":"P\u00e1gina de muestra - Northside Community Resources","og_description":"Esta es una p\u00e1gina de ejemplo. Es diferente de una entrada de blog porque permanecer\u00e1 en un lugar y aparecer\u00e1 en la navegaci\u00f3n de tu sitio (en la mayor\u00eda de los temas). La mayor\u00eda de la gente empieza con una p\u00e1gina Acerca de que les presenta a los visitantes potenciales del sitio. Podr\u00eda decir algo [&hellip;]","og_url":"https:\/\/www.northsidecommunityresources.org\/sample-page\/","og_site_name":"Northside Community Resources","article_publisher":"https:\/\/www.facebook.com\/NorthsideCommunityResources","article_modified_time":"2024-10-09T06:45:13+00:00","twitter_card":"summary_large_image","twitter_misc":{"Tiempo de lectura":"1 minuto"},"schema":{"@context":"https:\/\/schema.org","@graph":[{"@type":"WebPage","@id":"https:\/\/www.northsidecommunityresources.org\/sample-page\/","url":"https:\/\/www.northsidecommunityresources.org\/sample-page\/","name":"P\u00e1gina de muestra - Northside Community Resources","isPartOf":{"@id":"https:\/\/www.northsidecommunityresources.org\/#website"},"datePublished":"2024-08-20T04:58:35+00:00","dateModified":"2024-10-09T06:45:13+00:00","breadcrumb":{"@id":"https:\/\/www.northsidecommunityresources.org\/sample-page\/#breadcrumb"},"inLanguage":"es","potentialAction":[{"@type":"ReadAction","target":["https:\/\/www.northsidecommunityresources.org\/sample-page\/"]}]},{"@type":"BreadcrumbList","@id":"https:\/\/www.northsidecommunityresources.org\/sample-page\/#breadcrumb","itemListElement":[{"@type":"ListItem","position":1,"name":"Home","item":"https:\/\/www.northsidecommunityresources.org\/"},{"@type":"ListItem","position":2,"name":"P\u00e1gina de muestra"}]},{"@type":"WebSite","@id":"https:\/\/www.northsidecommunityresources.org\/#website","url":"https:\/\/www.northsidecommunityresources.org\/","name":"Northside Community Resources","description":"Save the date for the 13th Annual Northside Housing Fair on Saturday June 14th at Harry S. Truman College from 9:30 am to 2:00 pm! More information coming soon!","publisher":{"@id":"https:\/\/www.northsidecommunityresources.org\/#organization"},"potentialAction":[{"@type":"SearchAction","target":{"@type":"EntryPoint","urlTemplate":"https:\/\/www.northsidecommunityresources.org\/?s={search_term_string}"},"query-input":{"@type":"PropertyValueSpecification","valueRequired":true,"valueName":"search_term_string"}}],"inLanguage":"es"},{"@type":"Organization","@id":"https:\/\/www.northsidecommunityresources.org\/#organization","name":"Northside Community Resources","url":"https:\/\/www.northsidecommunityresources.org\/","logo":{"@type":"ImageObject","inLanguage":"es","@id":"https:\/\/www.northsidecommunityresources.org\/#\/schema\/logo\/image\/","url":"https:\/\/www.northsidecommunityresources.org\/wp-content\/uploads\/2024\/08\/site-logo.png","contentUrl":"https:\/\/www.northsidecommunityresources.org\/wp-content\/uploads\/2024\/08\/site-logo.png","width":137,"height":46,"caption":"Northside Community Resources"},"image":{"@id":"https:\/\/www.northsidecommunityresources.org\/#\/schema\/logo\/image\/"},"sameAs":["https:\/\/www.facebook.com\/NorthsideCommunityResources"]}]}},"_links":{"self":[{"href":"https:\/\/www.northsidecommunityresources.org\/es\/wp-json\/wp\/v2\/pages\/6125","targetHints":{"allow":["GET"]}}],"collection":[{"href":"https:\/\/www.northsidecommunityresources.org\/es\/wp-json\/wp\/v2\/pages"}],"about":[{"href":"https:\/\/www.northsidecommunityresources.org\/es\/wp-json\/wp\/v2\/types\/page"}],"author":[{"embeddable":true,"href":"https:\/\/www.northsidecommunityresources.org\/es\/wp-json\/wp\/v2\/users\/1"}],"replies":[{"embeddable":true,"href":"https:\/\/www.northsidecommunityresources.org\/es\/wp-json\/wp\/v2\/comments?post=6125"}],"version-history":[{"count":2,"href":"https:\/\/www.northsidecommunityresources.org\/es\/wp-json\/wp\/v2\/pages\/6125\/revisions"}],"predecessor-version":[{"id":6127,"href":"https:\/\/www.northsidecommunityresources.org\/es\/wp-json\/wp\/v2\/pages\/6125\/revisions\/6127"}],"wp:attachment":[{"href":"https:\/\/www.northsidecommunityresources.org\/es\/wp-json\/wp\/v2\/media?parent=6125"}],"curies":[{"name":"wp","href":"https:\/\/api.w.org\/{rel}","templated":true}]}}