{"id":6603,"date":"2024-08-26T09:04:02","date_gmt":"2024-08-26T09:04:02","guid":{"rendered":"https:\/\/www.northsidecommunityresources.org\/dziekuje\/"},"modified":"2024-10-16T03:35:23","modified_gmt":"2024-10-16T03:35:23","slug":"dziekuje","status":"publish","type":"page","link":"https:\/\/www.northsidecommunityresources.org\/pl\/dziekuje\/","title":{"rendered":"Dzi\u0119kuj\u0119"},"content":{"rendered":"\t\t<div data-elementor-type=\"wp-page\" data-elementor-id=\"6603\" class=\"elementor elementor-6603 elementor-3871\" data-elementor-post-type=\"page\">\n\t\t\t\t<div class=\"elementor-element elementor-element-5ac089f e-flex e-con-boxed elementor-invisible e-con e-parent\" data-id=\"5ac089f\" data-element_type=\"container\" data-settings=\"{&quot;background_background&quot;:&quot;classic&quot;,&quot;animation&quot;:&quot;fadeIn&quot;}\">\n\t\t\t\t\t<div class=\"e-con-inner\">\n\t\t\t\t<div class=\"elementor-element elementor-element-475ccd8 elementor-invisible elementor-widget elementor-widget-text-editor\" data-id=\"475ccd8\" data-element_type=\"widget\" data-settings=\"{&quot;_animation&quot;:&quot;fadeInUp&quot;}\" data-widget_type=\"text-editor.default\">\n\t\t\t\t<div class=\"elementor-widget-container\">\n\t\t\t\t\t\t\t<p>Tw\u00f3j formularz zosta\u0142 pomy\u015blnie przes\u0142any. Sprawdzimy Twoje dane i skontaktujemy si\u0119 z Tob\u0105 tak szybko, jak to mo\u017cliwe. <\/p>\n\t\t\t\t\t\t<\/div>\n\t\t\t\t<\/div>\n\t\t\t\t<div class=\"elementor-element elementor-element-0b7be92 elementor-invisible elementor-widget elementor-widget-button\" data-id=\"0b7be92\" data-element_type=\"widget\" data-settings=\"{&quot;_animation&quot;:&quot;fadeInUp&quot;}\" data-widget_type=\"button.default\">\n\t\t\t\t<div class=\"elementor-widget-container\">\n\t\t\t\t\t<div class=\"elementor-button-wrapper\">\n\t\t\t<a class=\"elementor-button elementor-button-link elementor-size-sm\" href=\"https:\/\/www.northsidecommunityresources.org\/pl\/\">\n\t\t\t\t\t\t<span class=\"elementor-button-content-wrapper\">\n\t\t\t\t\t\t\t\t\t<span class=\"elementor-button-text\">Powr\u00f3t do domu<\/span>\n\t\t\t\t\t<\/span>\n\t\t\t\t\t<\/a>\n\t\t<\/div>\n\t\t\t\t<\/div>\n\t\t\t\t<\/div>\n\t\t\t\t\t<\/div>\n\t\t\t\t<\/div>\n\t\t\t\t<\/div>\n\t\t","protected":false},"excerpt":{"rendered":"<p>Tw\u00f3j formularz zosta\u0142 pomy\u015blnie przes\u0142any. Sprawdzimy Twoje dane i skontaktujemy si\u0119 z Tob\u0105 tak szybko, jak to mo\u017cliwe. Powr\u00f3t do domu<\/p>\n","protected":false},"author":1,"featured_media":0,"parent":0,"menu_order":0,"comment_status":"closed","ping_status":"closed","template":"elementor_header_footer","meta":{"_acf_changed":false,"inline_featured_image":false,"footnotes":""},"class_list":["post-6603","page","type-page","status-publish","hentry"],"acf":[],"yoast_head":"<!-- This site is optimized with the Yoast SEO plugin v23.6 - https:\/\/yoast.com\/wordpress\/plugins\/seo\/ -->\n<title>Dzi\u0119kuj\u0119 - Northside Community Resources<\/title>\n<meta name=\"robots\" content=\"index, follow, max-snippet:-1, max-image-preview:large, max-video-preview:-1\" \/>\n<link rel=\"canonical\" href=\"https:\/\/www.northsidecommunityresources.org\/thank-you\/\" \/>\n<meta property=\"og:locale\" content=\"pl_PL\" \/>\n<meta property=\"og:type\" content=\"article\" \/>\n<meta property=\"og:title\" content=\"Dzi\u0119kuj\u0119 - Northside Community Resources\" \/>\n<meta property=\"og:description\" content=\"Tw\u00f3j formularz zosta\u0142 pomy\u015blnie przes\u0142any. Sprawdzimy Twoje dane i skontaktujemy si\u0119 z Tob\u0105 tak szybko, jak to mo\u017cliwe. Powr\u00f3t do domu\" \/>\n<meta property=\"og:url\" content=\"https:\/\/www.northsidecommunityresources.org\/thank-you\/\" \/>\n<meta property=\"og:site_name\" content=\"Northside Community Resources\" \/>\n<meta property=\"article:publisher\" content=\"https:\/\/www.facebook.com\/NorthsideCommunityResources\" \/>\n<meta property=\"article:modified_time\" content=\"2024-10-16T03:35:23+00:00\" \/>\n<meta name=\"twitter:card\" content=\"summary_large_image\" \/>\n<script type=\"application\/ld+json\" class=\"yoast-schema-graph\">{\"@context\":\"https:\/\/schema.org\",\"@graph\":[{\"@type\":\"WebPage\",\"@id\":\"https:\/\/www.northsidecommunityresources.org\/thank-you\/\",\"url\":\"https:\/\/www.northsidecommunityresources.org\/thank-you\/\",\"name\":\"Dzi\u0119kuj\u0119 - Northside Community Resources\",\"isPartOf\":{\"@id\":\"https:\/\/www.northsidecommunityresources.org\/#website\"},\"datePublished\":\"2024-08-26T09:04:02+00:00\",\"dateModified\":\"2024-10-16T03:35:23+00:00\",\"breadcrumb\":{\"@id\":\"https:\/\/www.northsidecommunityresources.org\/thank-you\/#breadcrumb\"},\"inLanguage\":\"pl-PL\",\"potentialAction\":[{\"@type\":\"ReadAction\",\"target\":[\"https:\/\/www.northsidecommunityresources.org\/thank-you\/\"]}]},{\"@type\":\"BreadcrumbList\",\"@id\":\"https:\/\/www.northsidecommunityresources.org\/thank-you\/#breadcrumb\",\"itemListElement\":[{\"@type\":\"ListItem\",\"position\":1,\"name\":\"Home\",\"item\":\"https:\/\/www.northsidecommunityresources.org\/pl\/\"},{\"@type\":\"ListItem\",\"position\":2,\"name\":\"Dzi\u0119kuj\u0119\"}]},{\"@type\":\"WebSite\",\"@id\":\"https:\/\/www.northsidecommunityresources.org\/#website\",\"url\":\"https:\/\/www.northsidecommunityresources.org\/\",\"name\":\"Northside Community Resources\",\"description\":\"Save the date for the 13th Annual Northside Housing Fair on Saturday June 14th at Harry S. Truman College from 9:30 am to 2:00 pm! More information coming soon!\",\"publisher\":{\"@id\":\"https:\/\/www.northsidecommunityresources.org\/#organization\"},\"potentialAction\":[{\"@type\":\"SearchAction\",\"target\":{\"@type\":\"EntryPoint\",\"urlTemplate\":\"https:\/\/www.northsidecommunityresources.org\/?s={search_term_string}\"},\"query-input\":{\"@type\":\"PropertyValueSpecification\",\"valueRequired\":true,\"valueName\":\"search_term_string\"}}],\"inLanguage\":\"pl-PL\"},{\"@type\":\"Organization\",\"@id\":\"https:\/\/www.northsidecommunityresources.org\/#organization\",\"name\":\"Northside Community Resources\",\"url\":\"https:\/\/www.northsidecommunityresources.org\/\",\"logo\":{\"@type\":\"ImageObject\",\"inLanguage\":\"pl-PL\",\"@id\":\"https:\/\/www.northsidecommunityresources.org\/#\/schema\/logo\/image\/\",\"url\":\"https:\/\/www.northsidecommunityresources.org\/wp-content\/uploads\/2024\/08\/site-logo.png\",\"contentUrl\":\"https:\/\/www.northsidecommunityresources.org\/wp-content\/uploads\/2024\/08\/site-logo.png\",\"width\":137,\"height\":46,\"caption\":\"Northside Community Resources\"},\"image\":{\"@id\":\"https:\/\/www.northsidecommunityresources.org\/#\/schema\/logo\/image\/\"},\"sameAs\":[\"https:\/\/www.facebook.com\/NorthsideCommunityResources\"]}]}<\/script>\n<!-- \/ Yoast SEO plugin. -->","yoast_head_json":{"title":"Dzi\u0119kuj\u0119 - Northside Community Resources","robots":{"index":"index","follow":"follow","max-snippet":"max-snippet:-1","max-image-preview":"max-image-preview:large","max-video-preview":"max-video-preview:-1"},"canonical":"https:\/\/www.northsidecommunityresources.org\/thank-you\/","og_locale":"pl_PL","og_type":"article","og_title":"Dzi\u0119kuj\u0119 - Northside Community Resources","og_description":"Tw\u00f3j formularz zosta\u0142 pomy\u015blnie przes\u0142any. Sprawdzimy Twoje dane i skontaktujemy si\u0119 z Tob\u0105 tak szybko, jak to mo\u017cliwe. Powr\u00f3t do domu","og_url":"https:\/\/www.northsidecommunityresources.org\/thank-you\/","og_site_name":"Northside Community Resources","article_publisher":"https:\/\/www.facebook.com\/NorthsideCommunityResources","article_modified_time":"2024-10-16T03:35:23+00:00","twitter_card":"summary_large_image","schema":{"@context":"https:\/\/schema.org","@graph":[{"@type":"WebPage","@id":"https:\/\/www.northsidecommunityresources.org\/thank-you\/","url":"https:\/\/www.northsidecommunityresources.org\/thank-you\/","name":"Dzi\u0119kuj\u0119 - Northside Community Resources","isPartOf":{"@id":"https:\/\/www.northsidecommunityresources.org\/#website"},"datePublished":"2024-08-26T09:04:02+00:00","dateModified":"2024-10-16T03:35:23+00:00","breadcrumb":{"@id":"https:\/\/www.northsidecommunityresources.org\/thank-you\/#breadcrumb"},"inLanguage":"pl-PL","potentialAction":[{"@type":"ReadAction","target":["https:\/\/www.northsidecommunityresources.org\/thank-you\/"]}]},{"@type":"BreadcrumbList","@id":"https:\/\/www.northsidecommunityresources.org\/thank-you\/#breadcrumb","itemListElement":[{"@type":"ListItem","position":1,"name":"Home","item":"https:\/\/www.northsidecommunityresources.org\/pl\/"},{"@type":"ListItem","position":2,"name":"Dzi\u0119kuj\u0119"}]},{"@type":"WebSite","@id":"https:\/\/www.northsidecommunityresources.org\/#website","url":"https:\/\/www.northsidecommunityresources.org\/","name":"Northside Community Resources","description":"Save the date for the 13th Annual Northside Housing Fair on Saturday June 14th at Harry S. Truman College from 9:30 am to 2:00 pm! More information coming soon!","publisher":{"@id":"https:\/\/www.northsidecommunityresources.org\/#organization"},"potentialAction":[{"@type":"SearchAction","target":{"@type":"EntryPoint","urlTemplate":"https:\/\/www.northsidecommunityresources.org\/?s={search_term_string}"},"query-input":{"@type":"PropertyValueSpecification","valueRequired":true,"valueName":"search_term_string"}}],"inLanguage":"pl-PL"},{"@type":"Organization","@id":"https:\/\/www.northsidecommunityresources.org\/#organization","name":"Northside Community Resources","url":"https:\/\/www.northsidecommunityresources.org\/","logo":{"@type":"ImageObject","inLanguage":"pl-PL","@id":"https:\/\/www.northsidecommunityresources.org\/#\/schema\/logo\/image\/","url":"https:\/\/www.northsidecommunityresources.org\/wp-content\/uploads\/2024\/08\/site-logo.png","contentUrl":"https:\/\/www.northsidecommunityresources.org\/wp-content\/uploads\/2024\/08\/site-logo.png","width":137,"height":46,"caption":"Northside Community Resources"},"image":{"@id":"https:\/\/www.northsidecommunityresources.org\/#\/schema\/logo\/image\/"},"sameAs":["https:\/\/www.facebook.com\/NorthsideCommunityResources"]}]}},"_links":{"self":[{"href":"https:\/\/www.northsidecommunityresources.org\/pl\/wp-json\/wp\/v2\/pages\/6603","targetHints":{"allow":["GET"]}}],"collection":[{"href":"https:\/\/www.northsidecommunityresources.org\/pl\/wp-json\/wp\/v2\/pages"}],"about":[{"href":"https:\/\/www.northsidecommunityresources.org\/pl\/wp-json\/wp\/v2\/types\/page"}],"author":[{"embeddable":true,"href":"https:\/\/www.northsidecommunityresources.org\/pl\/wp-json\/wp\/v2\/users\/1"}],"replies":[{"embeddable":true,"href":"https:\/\/www.northsidecommunityresources.org\/pl\/wp-json\/wp\/v2\/comments?post=6603"}],"version-history":[{"count":1,"href":"https:\/\/www.northsidecommunityresources.org\/pl\/wp-json\/wp\/v2\/pages\/6603\/revisions"}],"predecessor-version":[{"id":6606,"href":"https:\/\/www.northsidecommunityresources.org\/pl\/wp-json\/wp\/v2\/pages\/6603\/revisions\/6606"}],"wp:attachment":[{"href":"https:\/\/www.northsidecommunityresources.org\/pl\/wp-json\/wp\/v2\/media?parent=6603"}],"curies":[{"name":"wp","href":"https:\/\/api.w.org\/{rel}","templated":true}]}}