{"id":6620,"date":"2024-08-29T04:16:43","date_gmt":"2024-08-29T04:16:43","guid":{"rendered":"https:\/\/www.northsidecommunityresources.org\/strona-glowna-espanol\/"},"modified":"2024-08-29T04:16:43","modified_gmt":"2024-08-29T04:16:43","slug":"strona-glowna-espanol","status":"publish","type":"page","link":"https:\/\/www.northsidecommunityresources.org\/pl\/strona-glowna-espanol\/","title":{"rendered":"Strona g\u0142\u00f3wna &#8211; Espa\u00f1ol"},"content":{"rendered":"","protected":false},"excerpt":{"rendered":"","protected":false},"author":1,"featured_media":0,"parent":0,"menu_order":0,"comment_status":"closed","ping_status":"closed","template":"","meta":{"_acf_changed":false,"inline_featured_image":false,"footnotes":""},"class_list":["post-6620","page","type-page","status-publish","hentry"],"acf":[],"yoast_head":"<!-- This site is optimized with the Yoast SEO plugin v23.6 - https:\/\/yoast.com\/wordpress\/plugins\/seo\/ -->\n<title>Strona g\u0142\u00f3wna - Espa\u00f1ol - Northside Community Resources<\/title>\n<meta name=\"robots\" content=\"index, follow, max-snippet:-1, max-image-preview:large, max-video-preview:-1\" \/>\n<link rel=\"canonical\" href=\"https:\/\/www.northsidecommunityresources.org\/home-espanol\/\" \/>\n<meta property=\"og:locale\" content=\"pl_PL\" \/>\n<meta property=\"og:type\" content=\"article\" \/>\n<meta property=\"og:title\" content=\"Strona g\u0142\u00f3wna - Espa\u00f1ol - Northside Community Resources\" \/>\n<meta property=\"og:url\" content=\"https:\/\/www.northsidecommunityresources.org\/home-espanol\/\" \/>\n<meta property=\"og:site_name\" content=\"Northside Community Resources\" \/>\n<meta property=\"article:publisher\" content=\"https:\/\/www.facebook.com\/NorthsideCommunityResources\" \/>\n<meta name=\"twitter:card\" content=\"summary_large_image\" \/>\n<script type=\"application\/ld+json\" class=\"yoast-schema-graph\">{\"@context\":\"https:\/\/schema.org\",\"@graph\":[{\"@type\":\"WebPage\",\"@id\":\"https:\/\/www.northsidecommunityresources.org\/home-espanol\/\",\"url\":\"https:\/\/www.northsidecommunityresources.org\/home-espanol\/\",\"name\":\"Strona g\u0142\u00f3wna - Espa\u00f1ol - Northside Community Resources\",\"isPartOf\":{\"@id\":\"https:\/\/www.northsidecommunityresources.org\/#website\"},\"datePublished\":\"2024-08-29T04:16:43+00:00\",\"dateModified\":\"2024-08-29T04:16:43+00:00\",\"breadcrumb\":{\"@id\":\"https:\/\/www.northsidecommunityresources.org\/home-espanol\/#breadcrumb\"},\"inLanguage\":\"pl-PL\",\"potentialAction\":[{\"@type\":\"ReadAction\",\"target\":[\"https:\/\/www.northsidecommunityresources.org\/home-espanol\/\"]}]},{\"@type\":\"BreadcrumbList\",\"@id\":\"https:\/\/www.northsidecommunityresources.org\/home-espanol\/#breadcrumb\",\"itemListElement\":[{\"@type\":\"ListItem\",\"position\":1,\"name\":\"Home\",\"item\":\"https:\/\/www.northsidecommunityresources.org\/pl\/\"},{\"@type\":\"ListItem\",\"position\":2,\"name\":\"Strona g\u0142\u00f3wna &#8211; Espa\u00f1ol\"}]},{\"@type\":\"WebSite\",\"@id\":\"https:\/\/www.northsidecommunityresources.org\/#website\",\"url\":\"https:\/\/www.northsidecommunityresources.org\/\",\"name\":\"Northside Community Resources\",\"description\":\"Save the date for the 13th Annual Northside Housing Fair on Saturday June 14th at Harry S. Truman College from 9:30 am to 2:00 pm! More information coming soon!\",\"publisher\":{\"@id\":\"https:\/\/www.northsidecommunityresources.org\/#organization\"},\"potentialAction\":[{\"@type\":\"SearchAction\",\"target\":{\"@type\":\"EntryPoint\",\"urlTemplate\":\"https:\/\/www.northsidecommunityresources.org\/?s={search_term_string}\"},\"query-input\":{\"@type\":\"PropertyValueSpecification\",\"valueRequired\":true,\"valueName\":\"search_term_string\"}}],\"inLanguage\":\"pl-PL\"},{\"@type\":\"Organization\",\"@id\":\"https:\/\/www.northsidecommunityresources.org\/#organization\",\"name\":\"Northside Community Resources\",\"url\":\"https:\/\/www.northsidecommunityresources.org\/\",\"logo\":{\"@type\":\"ImageObject\",\"inLanguage\":\"pl-PL\",\"@id\":\"https:\/\/www.northsidecommunityresources.org\/#\/schema\/logo\/image\/\",\"url\":\"https:\/\/www.northsidecommunityresources.org\/wp-content\/uploads\/2024\/08\/site-logo.png\",\"contentUrl\":\"https:\/\/www.northsidecommunityresources.org\/wp-content\/uploads\/2024\/08\/site-logo.png\",\"width\":137,\"height\":46,\"caption\":\"Northside Community Resources\"},\"image\":{\"@id\":\"https:\/\/www.northsidecommunityresources.org\/#\/schema\/logo\/image\/\"},\"sameAs\":[\"https:\/\/www.facebook.com\/NorthsideCommunityResources\"]}]}<\/script>\n<!-- \/ Yoast SEO plugin. -->","yoast_head_json":{"title":"Strona g\u0142\u00f3wna - Espa\u00f1ol - Northside Community Resources","robots":{"index":"index","follow":"follow","max-snippet":"max-snippet:-1","max-image-preview":"max-image-preview:large","max-video-preview":"max-video-preview:-1"},"canonical":"https:\/\/www.northsidecommunityresources.org\/home-espanol\/","og_locale":"pl_PL","og_type":"article","og_title":"Strona g\u0142\u00f3wna - Espa\u00f1ol - Northside Community Resources","og_url":"https:\/\/www.northsidecommunityresources.org\/home-espanol\/","og_site_name":"Northside Community Resources","article_publisher":"https:\/\/www.facebook.com\/NorthsideCommunityResources","twitter_card":"summary_large_image","schema":{"@context":"https:\/\/schema.org","@graph":[{"@type":"WebPage","@id":"https:\/\/www.northsidecommunityresources.org\/home-espanol\/","url":"https:\/\/www.northsidecommunityresources.org\/home-espanol\/","name":"Strona g\u0142\u00f3wna - Espa\u00f1ol - Northside Community Resources","isPartOf":{"@id":"https:\/\/www.northsidecommunityresources.org\/#website"},"datePublished":"2024-08-29T04:16:43+00:00","dateModified":"2024-08-29T04:16:43+00:00","breadcrumb":{"@id":"https:\/\/www.northsidecommunityresources.org\/home-espanol\/#breadcrumb"},"inLanguage":"pl-PL","potentialAction":[{"@type":"ReadAction","target":["https:\/\/www.northsidecommunityresources.org\/home-espanol\/"]}]},{"@type":"BreadcrumbList","@id":"https:\/\/www.northsidecommunityresources.org\/home-espanol\/#breadcrumb","itemListElement":[{"@type":"ListItem","position":1,"name":"Home","item":"https:\/\/www.northsidecommunityresources.org\/pl\/"},{"@type":"ListItem","position":2,"name":"Strona g\u0142\u00f3wna &#8211; Espa\u00f1ol"}]},{"@type":"WebSite","@id":"https:\/\/www.northsidecommunityresources.org\/#website","url":"https:\/\/www.northsidecommunityresources.org\/","name":"Northside Community Resources","description":"Save the date for the 13th Annual Northside Housing Fair on Saturday June 14th at Harry S. Truman College from 9:30 am to 2:00 pm! More information coming soon!","publisher":{"@id":"https:\/\/www.northsidecommunityresources.org\/#organization"},"potentialAction":[{"@type":"SearchAction","target":{"@type":"EntryPoint","urlTemplate":"https:\/\/www.northsidecommunityresources.org\/?s={search_term_string}"},"query-input":{"@type":"PropertyValueSpecification","valueRequired":true,"valueName":"search_term_string"}}],"inLanguage":"pl-PL"},{"@type":"Organization","@id":"https:\/\/www.northsidecommunityresources.org\/#organization","name":"Northside Community Resources","url":"https:\/\/www.northsidecommunityresources.org\/","logo":{"@type":"ImageObject","inLanguage":"pl-PL","@id":"https:\/\/www.northsidecommunityresources.org\/#\/schema\/logo\/image\/","url":"https:\/\/www.northsidecommunityresources.org\/wp-content\/uploads\/2024\/08\/site-logo.png","contentUrl":"https:\/\/www.northsidecommunityresources.org\/wp-content\/uploads\/2024\/08\/site-logo.png","width":137,"height":46,"caption":"Northside Community Resources"},"image":{"@id":"https:\/\/www.northsidecommunityresources.org\/#\/schema\/logo\/image\/"},"sameAs":["https:\/\/www.facebook.com\/NorthsideCommunityResources"]}]}},"_links":{"self":[{"href":"https:\/\/www.northsidecommunityresources.org\/pl\/wp-json\/wp\/v2\/pages\/6620","targetHints":{"allow":["GET"]}}],"collection":[{"href":"https:\/\/www.northsidecommunityresources.org\/pl\/wp-json\/wp\/v2\/pages"}],"about":[{"href":"https:\/\/www.northsidecommunityresources.org\/pl\/wp-json\/wp\/v2\/types\/page"}],"author":[{"embeddable":true,"href":"https:\/\/www.northsidecommunityresources.org\/pl\/wp-json\/wp\/v2\/users\/1"}],"replies":[{"embeddable":true,"href":"https:\/\/www.northsidecommunityresources.org\/pl\/wp-json\/wp\/v2\/comments?post=6620"}],"version-history":[{"count":0,"href":"https:\/\/www.northsidecommunityresources.org\/pl\/wp-json\/wp\/v2\/pages\/6620\/revisions"}],"wp:attachment":[{"href":"https:\/\/www.northsidecommunityresources.org\/pl\/wp-json\/wp\/v2\/media?parent=6620"}],"curies":[{"name":"wp","href":"https:\/\/api.w.org\/{rel}","templated":true}]}}