{"id":6729,"date":"2024-08-22T09:00:59","date_gmt":"2024-08-22T09:00:59","guid":{"rendered":"https:\/\/www.northsidecommunityresources.org\/nasze-programy\/rzecznictwo-w-sprawie-dyskryminacji-mieszkaniowej\/"},"modified":"2024-10-16T04:04:41","modified_gmt":"2024-10-16T04:04:41","slug":"rzecznictwo-w-sprawie-dyskryminacji-mieszkaniowej","status":"publish","type":"page","link":"https:\/\/www.northsidecommunityresources.org\/pl\/nasze-programy\/rzecznictwo-w-sprawie-dyskryminacji-mieszkaniowej\/","title":{"rendered":"Rzecznictwo w sprawie dyskryminacji mieszkaniowej"},"content":{"rendered":"<p>Misj\u0105 Northside Community Resources Fair Housing Program jest promowanie r\u00f3wnych szans mieszkaniowych i zr\u00f3\u017cnicowanych dzielnic (lub spo\u0142eczno\u015bci integracyjnych) oraz eliminowanie nielegalnej dyskryminacji mieszkaniowej w p\u00f3\u0142nocnej cz\u0119\u015bci Chicago poprzez rzecznictwo, edukacj\u0119, zasi\u0119g i egzekwowanie prawa. Fair Housing Program bada roszczenia dotycz\u0105ce dyskryminacji mieszkaniowej i pomaga klientom w sk\u0142adaniu i rozwi\u0105zywaniu skarg dotycz\u0105cych dyskryminacji. FHP w szczeg\u00f3lno\u015bci stara si\u0119 pomaga\u0107 osobom kolorowym i imigrantom, kt\u00f3rzy w nieproporcjonalnie du\u017cym stopniu do\u015bwiadczaj\u0105 dyskryminacji mieszkaniowej.  <\/p>\n<p>NCR&#8217;s Fair Housing Program ma na swoim koncie bezpo\u015brednie dzia\u0142ania na rzecz sprawiedliwo\u015bci mieszkaniowej i wspierania sprawiedliwych mo\u017cliwo\u015bci mieszkaniowych poprzez kompleksow\u0105 edukacj\u0119, energiczne rzecznictwo i skuteczne egzekwowanie prawa. Nasz program wzmacnia pozycj\u0119 ludzi, edukuj\u0105c ich o ich prawach i obowi\u0105zkach oraz dzia\u0142aj\u0105c na rzecz os\u00f3b poszkodowanych przez dyskryminacj\u0119. <\/p>\n<h3>Czym s\u0105 sprawiedliwe warunki mieszkaniowe?<\/h3>\n<h3><a href=\"https:\/\/www.northsidecommunityresources.org\/wp-content\/uploads\/2024\/08\/HCV-Eng.pdf\" target=\"_blank\" rel=\"noopener\">Masz problem z wynajmem z voucherem?<\/a><\/h3>\n<h3><a href=\"https:\/\/www.northsidecommunityresources.org\/wp-content\/uploads\/2024\/08\/Disab-Eng.pdf\" target=\"_blank\" rel=\"noopener\">Problemy z dost\u0119pno\u015bci\u0105?<\/a><\/h3>\n<h3>NCR&#8217;s Fair Housing Program zajmuje si\u0119 dyskryminacj\u0105 mieszkaniow\u0105 poprzez:<\/h3>\n<ul>\n<li>\n\t\t\t\t\t\t\t<svg xmlns=\"http:\/\/www.w3.org\/2000\/svg\" width=\"24\" height=\"24\" viewBox=\"0 0 24 24\" fill=\"none\"><path d=\"M17.7004 19.3998C16.1004 20.5998 14.1504 21.3498 12.0004 21.3498C6.85039 21.3498 2.65039 17.1498 2.65039 11.9998C2.65039 10.6998 2.95039 9.3998 3.40039 8.2998\" stroke=\"#0167B2\" stroke-width=\"2\" stroke-miterlimit=\"10\" stroke-linecap=\"round\" stroke-linejoin=\"round\"><\/path><path d=\"M6.05078 4.7999C7.65078 3.4999 9.75078 2.6499 12.0008 2.6499C17.1508 2.6499 21.3508 6.8499 21.3508 11.9999C21.3508 13.1499 21.1508 14.2499 20.7508 15.2999\" stroke=\"#0167B2\" stroke-width=\"2\" stroke-miterlimit=\"10\" stroke-linecap=\"round\" stroke-linejoin=\"round\"><\/path><path d=\"M8.25 11.75L10.75 14.25L16 9\" stroke=\"#0167B2\" stroke-width=\"2\" stroke-miterlimit=\"10\" stroke-linecap=\"round\" stroke-linejoin=\"round\"><\/path><\/svg><br \/>\n\t\t\t\t\t\t\t\t\t\tZasi\u0119g i edukacja\n\t\t\t\t\t\t\t\t\t<\/li>\n<li>\n\t\t\t\t\t\t\t<svg xmlns=\"http:\/\/www.w3.org\/2000\/svg\" width=\"24\" height=\"24\" viewBox=\"0 0 24 24\" fill=\"none\"><path d=\"M17.7004 19.3998C16.1004 20.5998 14.1504 21.3498 12.0004 21.3498C6.85039 21.3498 2.65039 17.1498 2.65039 11.9998C2.65039 10.6998 2.95039 9.3998 3.40039 8.2998\" stroke=\"#0167B2\" stroke-width=\"2\" stroke-miterlimit=\"10\" stroke-linecap=\"round\" stroke-linejoin=\"round\"><\/path><path d=\"M6.05078 4.7999C7.65078 3.4999 9.75078 2.6499 12.0008 2.6499C17.1508 2.6499 21.3508 6.8499 21.3508 11.9999C21.3508 13.1499 21.1508 14.2499 20.7508 15.2999\" stroke=\"#0167B2\" stroke-width=\"2\" stroke-miterlimit=\"10\" stroke-linecap=\"round\" stroke-linejoin=\"round\"><\/path><path d=\"M8.25 11.75L10.75 14.25L16 9\" stroke=\"#0167B2\" stroke-width=\"2\" stroke-miterlimit=\"10\" stroke-linecap=\"round\" stroke-linejoin=\"round\"><\/path><\/svg><br \/>\n\t\t\t\t\t\t\t\t\t\tProaktywne przyjmowanie zg\u0142osze\u0144 i dochodzenie roszcze\u0144\n\t\t\t\t\t\t\t\t\t<\/li>\n<li>\n\t\t\t\t\t\t\t<svg xmlns=\"http:\/\/www.w3.org\/2000\/svg\" width=\"24\" height=\"24\" viewBox=\"0 0 24 24\" fill=\"none\"><path d=\"M17.7004 19.3998C16.1004 20.5998 14.1504 21.3498 12.0004 21.3498C6.85039 21.3498 2.65039 17.1498 2.65039 11.9998C2.65039 10.6998 2.95039 9.3998 3.40039 8.2998\" stroke=\"#0167B2\" stroke-width=\"2\" stroke-miterlimit=\"10\" stroke-linecap=\"round\" stroke-linejoin=\"round\"><\/path><path d=\"M6.05078 4.7999C7.65078 3.4999 9.75078 2.6499 12.0008 2.6499C17.1508 2.6499 21.3508 6.8499 21.3508 11.9999C21.3508 13.1499 21.1508 14.2499 20.7508 15.2999\" stroke=\"#0167B2\" stroke-width=\"2\" stroke-miterlimit=\"10\" stroke-linecap=\"round\" stroke-linejoin=\"round\"><\/path><path d=\"M8.25 11.75L10.75 14.25L16 9\" stroke=\"#0167B2\" stroke-width=\"2\" stroke-miterlimit=\"10\" stroke-linecap=\"round\" stroke-linejoin=\"round\"><\/path><\/svg><br \/>\n\t\t\t\t\t\t\t\t\t\tNegocjacje w imieniu klient\u00f3w z wynajmuj\u0105cymi, firmami zarz\u0105dzaj\u0105cymi lub agentami nieruchomo\u015bci\n\t\t\t\t\t\t\t\t\t<\/li>\n<\/ul>\n<ul>\n<li>\n\t\t\t\t\t\t\t<svg xmlns=\"http:\/\/www.w3.org\/2000\/svg\" width=\"24\" height=\"24\" viewBox=\"0 0 24 24\" fill=\"none\"><path d=\"M17.7004 19.3998C16.1004 20.5998 14.1504 21.3498 12.0004 21.3498C6.85039 21.3498 2.65039 17.1498 2.65039 11.9998C2.65039 10.6998 2.95039 9.3998 3.40039 8.2998\" stroke=\"#0167B2\" stroke-width=\"2\" stroke-miterlimit=\"10\" stroke-linecap=\"round\" stroke-linejoin=\"round\"><\/path><path d=\"M6.05078 4.7999C7.65078 3.4999 9.75078 2.6499 12.0008 2.6499C17.1508 2.6499 21.3508 6.8499 21.3508 11.9999C21.3508 13.1499 21.1508 14.2499 20.7508 15.2999\" stroke=\"#0167B2\" stroke-width=\"2\" stroke-miterlimit=\"10\" stroke-linecap=\"round\" stroke-linejoin=\"round\"><\/path><path d=\"M8.25 11.75L10.75 14.25L16 9\" stroke=\"#0167B2\" stroke-width=\"2\" stroke-miterlimit=\"10\" stroke-linecap=\"round\" stroke-linejoin=\"round\"><\/path><\/svg><br \/>\n\t\t\t\t\t\t\t\t\t\tSk\u0142adanie i rozpatrywanie skarg w ameryka\u0144skim Departamencie Mieszkalnictwa i Rozwoju Miast (U.S. Department of Housing and Urban Development) oraz w innych miejskich, okr\u0119gowych i stanowych agencjach ds. egzekwowania przepis\u00f3w mieszkaniowych, a tak\u017ce w s\u0105dzie.\n\t\t\t\t\t\t\t\t\t<\/li>\n<li>\n\t\t\t\t\t\t\t<svg xmlns=\"http:\/\/www.w3.org\/2000\/svg\" width=\"24\" height=\"24\" viewBox=\"0 0 24 24\" fill=\"none\"><path d=\"M17.7004 19.3998C16.1004 20.5998 14.1504 21.3498 12.0004 21.3498C6.85039 21.3498 2.65039 17.1498 2.65039 11.9998C2.65039 10.6998 2.95039 9.3998 3.40039 8.2998\" stroke=\"#0167B2\" stroke-width=\"2\" stroke-miterlimit=\"10\" stroke-linecap=\"round\" stroke-linejoin=\"round\"><\/path><path d=\"M6.05078 4.7999C7.65078 3.4999 9.75078 2.6499 12.0008 2.6499C17.1508 2.6499 21.3508 6.8499 21.3508 11.9999C21.3508 13.1499 21.1508 14.2499 20.7508 15.2999\" stroke=\"#0167B2\" stroke-width=\"2\" stroke-miterlimit=\"10\" stroke-linecap=\"round\" stroke-linejoin=\"round\"><\/path><path d=\"M8.25 11.75L10.75 14.25L16 9\" stroke=\"#0167B2\" stroke-width=\"2\" stroke-miterlimit=\"10\" stroke-linecap=\"round\" stroke-linejoin=\"round\"><\/path><\/svg><br \/>\n\t\t\t\t\t\t\t\t\t\tWspieranie polityki\n\t\t\t\t\t\t\t\t\t<\/li>\n<\/ul>\n<p>JE\u015aLI UWA\u017bASZ, \u017bE BY\u0141E\u015a DYSKRYMINOWANY, MO\u017bEMY CI BEZP\u0141ATNIE POM\u00d3C.<br \/>JE\u015aLI POTRZEBUJESZ INFORMACJI O PRAWACH DOTYCZ\u0104CYCH DYSKRYMINACJI MIESZKANIOWEJ, MO\u017bEMY CI POM\u00d3C. Skontaktuj si\u0119 z nami pod adresem <strong><a href=\"mailto:fairhousing@northsidecr.org\">fairhousing@northsidecr.org<\/a><\/strong> lub <a href=\"tel:(773)%20338-7722\"><strong>(773) 338-7722<\/strong><\/a> wew. 16. <\/p>\n<p>\t\t\t\t\t\t\t\t\t\t\t\t\t<img decoding=\"async\" width=\"454\" height=\"90\" src=\"https:\/\/www.northsidecommunityresources.org\/wp-content\/uploads\/2024\/08\/housing-image.png\" alt=\"\" srcset=\"https:\/\/www.northsidecommunityresources.org\/wp-content\/uploads\/2024\/08\/housing-image.png 454w, https:\/\/www.northsidecommunityresources.org\/wp-content\/uploads\/2024\/08\/housing-image-300x59.png 300w\" sizes=\"(max-width: 454px) 100vw, 454px\" \/>\t\t\t\t\t\t\t\t\t\t\t\t\t<\/p>\n<p>Prace, na podstawie kt\u00f3rych powsta\u0142a niniejsza publikacja, zosta\u0142y sfinansowane w ramach grantu przyznanego przez ameryka\u0144ski Departament Mieszkalnictwa i Rozwoju Miast (U.S. Department of Housing and Urban Development). Tre\u015b\u0107 i wyniki pracy s\u0105 przeznaczone dla opinii publicznej. Autor i wydawca ponosz\u0105 wy\u0142\u0105czn\u0105 odpowiedzialno\u015b\u0107 za dok\u0142adno\u015b\u0107 stwierdze\u0144 i interpretacji zawartych w niniejszej publikacji. Takie interpretacje niekoniecznie odzwierciedlaj\u0105 pogl\u0105dy rz\u0105du federalnego.   <\/p>\n","protected":false},"excerpt":{"rendered":"<p>Zwalczanie dyskryminacji mieszkaniowej i promowanie r\u00f3wnych szans mieszkaniowych poprzez edukacj\u0119, rzecznictwo i egzekwowanie prawa.<\/p>\n","protected":false},"author":1,"featured_media":6697,"parent":6609,"menu_order":0,"comment_status":"closed","ping_status":"closed","template":"","meta":{"_acf_changed":false,"inline_featured_image":false,"footnotes":""},"class_list":["post-6729","page","type-page","status-publish","has-post-thumbnail","hentry"],"acf":[],"yoast_head":"<!-- This site is optimized with the Yoast SEO plugin v23.6 - https:\/\/yoast.com\/wordpress\/plugins\/seo\/ -->\n<title>Rzecznictwo w sprawie dyskryminacji mieszkaniowej - Northside Community Resources<\/title>\n<meta name=\"robots\" content=\"index, follow, max-snippet:-1, max-image-preview:large, max-video-preview:-1\" \/>\n<link rel=\"canonical\" href=\"https:\/\/www.northsidecommunityresources.org\/pl\/nasze-programy\/rzecznictwo-w-sprawie-dyskryminacji-mieszkaniowej\/\" \/>\n<meta property=\"og:locale\" content=\"pl_PL\" \/>\n<meta property=\"og:type\" content=\"article\" \/>\n<meta property=\"og:title\" content=\"Rzecznictwo w sprawie dyskryminacji mieszkaniowej - Northside Community Resources\" \/>\n<meta property=\"og:description\" content=\"Zwalczanie dyskryminacji mieszkaniowej i promowanie r\u00f3wnych szans mieszkaniowych poprzez edukacj\u0119, rzecznictwo i egzekwowanie prawa.\" \/>\n<meta property=\"og:url\" content=\"https:\/\/www.northsidecommunityresources.org\/pl\/nasze-programy\/rzecznictwo-w-sprawie-dyskryminacji-mieszkaniowej\/\" \/>\n<meta property=\"og:site_name\" content=\"Northside Community Resources\" \/>\n<meta property=\"article:publisher\" content=\"https:\/\/www.facebook.com\/NorthsideCommunityResources\" \/>\n<meta property=\"article:modified_time\" content=\"2024-10-16T04:04:41+00:00\" \/>\n<meta property=\"og:image\" content=\"https:\/\/www.northsidecommunityresources.org\/wp-content\/uploads\/2024\/08\/hda-banner-bg-scaled.jpg\" \/>\n\t<meta property=\"og:image:width\" content=\"2560\" \/>\n\t<meta property=\"og:image:height\" content=\"1707\" \/>\n\t<meta property=\"og:image:type\" content=\"image\/jpeg\" \/>\n<meta name=\"twitter:card\" content=\"summary_large_image\" \/>\n<meta name=\"twitter:label1\" content=\"Szacowany czas czytania\" \/>\n\t<meta name=\"twitter:data1\" content=\"2 minuty\" \/>\n<script type=\"application\/ld+json\" class=\"yoast-schema-graph\">{\"@context\":\"https:\/\/schema.org\",\"@graph\":[{\"@type\":\"WebPage\",\"@id\":\"https:\/\/www.northsidecommunityresources.org\/pl\/nasze-programy\/rzecznictwo-w-sprawie-dyskryminacji-mieszkaniowej\/\",\"url\":\"https:\/\/www.northsidecommunityresources.org\/pl\/nasze-programy\/rzecznictwo-w-sprawie-dyskryminacji-mieszkaniowej\/\",\"name\":\"Rzecznictwo w sprawie dyskryminacji mieszkaniowej - Northside Community Resources\",\"isPartOf\":{\"@id\":\"https:\/\/www.northsidecommunityresources.org\/#website\"},\"primaryImageOfPage\":{\"@id\":\"https:\/\/www.northsidecommunityresources.org\/pl\/nasze-programy\/rzecznictwo-w-sprawie-dyskryminacji-mieszkaniowej\/#primaryimage\"},\"image\":{\"@id\":\"https:\/\/www.northsidecommunityresources.org\/pl\/nasze-programy\/rzecznictwo-w-sprawie-dyskryminacji-mieszkaniowej\/#primaryimage\"},\"thumbnailUrl\":\"https:\/\/www.northsidecommunityresources.org\/wp-content\/uploads\/2024\/08\/hda-banner-bg-scaled.jpg\",\"datePublished\":\"2024-08-22T09:00:59+00:00\",\"dateModified\":\"2024-10-16T04:04:41+00:00\",\"breadcrumb\":{\"@id\":\"https:\/\/www.northsidecommunityresources.org\/pl\/nasze-programy\/rzecznictwo-w-sprawie-dyskryminacji-mieszkaniowej\/#breadcrumb\"},\"inLanguage\":\"pl-PL\",\"potentialAction\":[{\"@type\":\"ReadAction\",\"target\":[\"https:\/\/www.northsidecommunityresources.org\/pl\/nasze-programy\/rzecznictwo-w-sprawie-dyskryminacji-mieszkaniowej\/\"]}]},{\"@type\":\"ImageObject\",\"inLanguage\":\"pl-PL\",\"@id\":\"https:\/\/www.northsidecommunityresources.org\/pl\/nasze-programy\/rzecznictwo-w-sprawie-dyskryminacji-mieszkaniowej\/#primaryimage\",\"url\":\"https:\/\/www.northsidecommunityresources.org\/wp-content\/uploads\/2024\/08\/hda-banner-bg-scaled.jpg\",\"contentUrl\":\"https:\/\/www.northsidecommunityresources.org\/wp-content\/uploads\/2024\/08\/hda-banner-bg-scaled.jpg\",\"width\":2560,\"height\":1707},{\"@type\":\"BreadcrumbList\",\"@id\":\"https:\/\/www.northsidecommunityresources.org\/pl\/nasze-programy\/rzecznictwo-w-sprawie-dyskryminacji-mieszkaniowej\/#breadcrumb\",\"itemListElement\":[{\"@type\":\"ListItem\",\"position\":1,\"name\":\"Home\",\"item\":\"https:\/\/www.northsidecommunityresources.org\/pl\/\"},{\"@type\":\"ListItem\",\"position\":2,\"name\":\"Nasze programy\",\"item\":\"https:\/\/www.northsidecommunityresources.org\/pl\/nasze-programy\/\"},{\"@type\":\"ListItem\",\"position\":3,\"name\":\"Rzecznictwo w sprawie dyskryminacji mieszkaniowej\"}]},{\"@type\":\"WebSite\",\"@id\":\"https:\/\/www.northsidecommunityresources.org\/#website\",\"url\":\"https:\/\/www.northsidecommunityresources.org\/\",\"name\":\"Northside Community Resources\",\"description\":\"Save the date for the 13th Annual Northside Housing Fair on Saturday June 14th at Harry S. Truman College from 9:30 am to 2:00 pm! More information coming soon!\",\"publisher\":{\"@id\":\"https:\/\/www.northsidecommunityresources.org\/#organization\"},\"potentialAction\":[{\"@type\":\"SearchAction\",\"target\":{\"@type\":\"EntryPoint\",\"urlTemplate\":\"https:\/\/www.northsidecommunityresources.org\/?s={search_term_string}\"},\"query-input\":{\"@type\":\"PropertyValueSpecification\",\"valueRequired\":true,\"valueName\":\"search_term_string\"}}],\"inLanguage\":\"pl-PL\"},{\"@type\":\"Organization\",\"@id\":\"https:\/\/www.northsidecommunityresources.org\/#organization\",\"name\":\"Northside Community Resources\",\"url\":\"https:\/\/www.northsidecommunityresources.org\/\",\"logo\":{\"@type\":\"ImageObject\",\"inLanguage\":\"pl-PL\",\"@id\":\"https:\/\/www.northsidecommunityresources.org\/#\/schema\/logo\/image\/\",\"url\":\"https:\/\/www.northsidecommunityresources.org\/wp-content\/uploads\/2024\/08\/site-logo.png\",\"contentUrl\":\"https:\/\/www.northsidecommunityresources.org\/wp-content\/uploads\/2024\/08\/site-logo.png\",\"width\":137,\"height\":46,\"caption\":\"Northside Community Resources\"},\"image\":{\"@id\":\"https:\/\/www.northsidecommunityresources.org\/#\/schema\/logo\/image\/\"},\"sameAs\":[\"https:\/\/www.facebook.com\/NorthsideCommunityResources\"]}]}<\/script>\n<!-- \/ Yoast SEO plugin. -->","yoast_head_json":{"title":"Rzecznictwo w sprawie dyskryminacji mieszkaniowej - Northside Community Resources","robots":{"index":"index","follow":"follow","max-snippet":"max-snippet:-1","max-image-preview":"max-image-preview:large","max-video-preview":"max-video-preview:-1"},"canonical":"https:\/\/www.northsidecommunityresources.org\/pl\/nasze-programy\/rzecznictwo-w-sprawie-dyskryminacji-mieszkaniowej\/","og_locale":"pl_PL","og_type":"article","og_title":"Rzecznictwo w sprawie dyskryminacji mieszkaniowej - Northside Community Resources","og_description":"Zwalczanie dyskryminacji mieszkaniowej i promowanie r\u00f3wnych szans mieszkaniowych poprzez edukacj\u0119, rzecznictwo i egzekwowanie prawa.","og_url":"https:\/\/www.northsidecommunityresources.org\/pl\/nasze-programy\/rzecznictwo-w-sprawie-dyskryminacji-mieszkaniowej\/","og_site_name":"Northside Community Resources","article_publisher":"https:\/\/www.facebook.com\/NorthsideCommunityResources","article_modified_time":"2024-10-16T04:04:41+00:00","og_image":[{"width":2560,"height":1707,"url":"https:\/\/www.northsidecommunityresources.org\/wp-content\/uploads\/2024\/08\/hda-banner-bg-scaled.jpg","type":"image\/jpeg"}],"twitter_card":"summary_large_image","twitter_misc":{"Szacowany czas czytania":"2 minuty"},"schema":{"@context":"https:\/\/schema.org","@graph":[{"@type":"WebPage","@id":"https:\/\/www.northsidecommunityresources.org\/pl\/nasze-programy\/rzecznictwo-w-sprawie-dyskryminacji-mieszkaniowej\/","url":"https:\/\/www.northsidecommunityresources.org\/pl\/nasze-programy\/rzecznictwo-w-sprawie-dyskryminacji-mieszkaniowej\/","name":"Rzecznictwo w sprawie dyskryminacji mieszkaniowej - Northside Community Resources","isPartOf":{"@id":"https:\/\/www.northsidecommunityresources.org\/#website"},"primaryImageOfPage":{"@id":"https:\/\/www.northsidecommunityresources.org\/pl\/nasze-programy\/rzecznictwo-w-sprawie-dyskryminacji-mieszkaniowej\/#primaryimage"},"image":{"@id":"https:\/\/www.northsidecommunityresources.org\/pl\/nasze-programy\/rzecznictwo-w-sprawie-dyskryminacji-mieszkaniowej\/#primaryimage"},"thumbnailUrl":"https:\/\/www.northsidecommunityresources.org\/wp-content\/uploads\/2024\/08\/hda-banner-bg-scaled.jpg","datePublished":"2024-08-22T09:00:59+00:00","dateModified":"2024-10-16T04:04:41+00:00","breadcrumb":{"@id":"https:\/\/www.northsidecommunityresources.org\/pl\/nasze-programy\/rzecznictwo-w-sprawie-dyskryminacji-mieszkaniowej\/#breadcrumb"},"inLanguage":"pl-PL","potentialAction":[{"@type":"ReadAction","target":["https:\/\/www.northsidecommunityresources.org\/pl\/nasze-programy\/rzecznictwo-w-sprawie-dyskryminacji-mieszkaniowej\/"]}]},{"@type":"ImageObject","inLanguage":"pl-PL","@id":"https:\/\/www.northsidecommunityresources.org\/pl\/nasze-programy\/rzecznictwo-w-sprawie-dyskryminacji-mieszkaniowej\/#primaryimage","url":"https:\/\/www.northsidecommunityresources.org\/wp-content\/uploads\/2024\/08\/hda-banner-bg-scaled.jpg","contentUrl":"https:\/\/www.northsidecommunityresources.org\/wp-content\/uploads\/2024\/08\/hda-banner-bg-scaled.jpg","width":2560,"height":1707},{"@type":"BreadcrumbList","@id":"https:\/\/www.northsidecommunityresources.org\/pl\/nasze-programy\/rzecznictwo-w-sprawie-dyskryminacji-mieszkaniowej\/#breadcrumb","itemListElement":[{"@type":"ListItem","position":1,"name":"Home","item":"https:\/\/www.northsidecommunityresources.org\/pl\/"},{"@type":"ListItem","position":2,"name":"Nasze programy","item":"https:\/\/www.northsidecommunityresources.org\/pl\/nasze-programy\/"},{"@type":"ListItem","position":3,"name":"Rzecznictwo w sprawie dyskryminacji mieszkaniowej"}]},{"@type":"WebSite","@id":"https:\/\/www.northsidecommunityresources.org\/#website","url":"https:\/\/www.northsidecommunityresources.org\/","name":"Northside Community Resources","description":"Save the date for the 13th Annual Northside Housing Fair on Saturday June 14th at Harry S. Truman College from 9:30 am to 2:00 pm! More information coming soon!","publisher":{"@id":"https:\/\/www.northsidecommunityresources.org\/#organization"},"potentialAction":[{"@type":"SearchAction","target":{"@type":"EntryPoint","urlTemplate":"https:\/\/www.northsidecommunityresources.org\/?s={search_term_string}"},"query-input":{"@type":"PropertyValueSpecification","valueRequired":true,"valueName":"search_term_string"}}],"inLanguage":"pl-PL"},{"@type":"Organization","@id":"https:\/\/www.northsidecommunityresources.org\/#organization","name":"Northside Community Resources","url":"https:\/\/www.northsidecommunityresources.org\/","logo":{"@type":"ImageObject","inLanguage":"pl-PL","@id":"https:\/\/www.northsidecommunityresources.org\/#\/schema\/logo\/image\/","url":"https:\/\/www.northsidecommunityresources.org\/wp-content\/uploads\/2024\/08\/site-logo.png","contentUrl":"https:\/\/www.northsidecommunityresources.org\/wp-content\/uploads\/2024\/08\/site-logo.png","width":137,"height":46,"caption":"Northside Community Resources"},"image":{"@id":"https:\/\/www.northsidecommunityresources.org\/#\/schema\/logo\/image\/"},"sameAs":["https:\/\/www.facebook.com\/NorthsideCommunityResources"]}]}},"_links":{"self":[{"href":"https:\/\/www.northsidecommunityresources.org\/pl\/wp-json\/wp\/v2\/pages\/6729","targetHints":{"allow":["GET"]}}],"collection":[{"href":"https:\/\/www.northsidecommunityresources.org\/pl\/wp-json\/wp\/v2\/pages"}],"about":[{"href":"https:\/\/www.northsidecommunityresources.org\/pl\/wp-json\/wp\/v2\/types\/page"}],"author":[{"embeddable":true,"href":"https:\/\/www.northsidecommunityresources.org\/pl\/wp-json\/wp\/v2\/users\/1"}],"replies":[{"embeddable":true,"href":"https:\/\/www.northsidecommunityresources.org\/pl\/wp-json\/wp\/v2\/comments?post=6729"}],"version-history":[{"count":2,"href":"https:\/\/www.northsidecommunityresources.org\/pl\/wp-json\/wp\/v2\/pages\/6729\/revisions"}],"predecessor-version":[{"id":6854,"href":"https:\/\/www.northsidecommunityresources.org\/pl\/wp-json\/wp\/v2\/pages\/6729\/revisions\/6854"}],"up":[{"embeddable":true,"href":"https:\/\/www.northsidecommunityresources.org\/pl\/wp-json\/wp\/v2\/pages\/6609"}],"wp:featuredmedia":[{"embeddable":true,"href":"https:\/\/www.northsidecommunityresources.org\/pl\/wp-json\/wp\/v2\/media\/6697"}],"wp:attachment":[{"href":"https:\/\/www.northsidecommunityresources.org\/pl\/wp-json\/wp\/v2\/media?parent=6729"}],"curies":[{"name":"wp","href":"https:\/\/api.w.org\/{rel}","templated":true}]}}